{"id":1856,"date":"2022-09-13T14:18:19","date_gmt":"2022-09-13T14:18:19","guid":{"rendered":"https:\/\/iribrasil.org\/?page_id=1856"},"modified":"2022-09-13T20:31:26","modified_gmt":"2022-09-13T20:31:26","slug":"carta-aberta","status":"publish","type":"page","link":"https:\/\/iribrasil.org\/en\/carta-aberta\/","title":{"rendered":"Carta aberta"},"content":{"rendered":"<div data-elementor-type=\"wp-page\" data-elementor-id=\"1856\" class=\"elementor elementor-1856\" data-elementor-post-type=\"page\">\n\t\t\t\t\t\t\t\t\t<section class=\"elementor-section elementor-top-section elementor-element elementor-element-901d668 elementor-section-height-min-height elementor-section-boxed elementor-section-height-default elementor-section-items-middle elementor-invisible\" data-id=\"901d668\" data-element_type=\"section\" data-settings=\"{&quot;background_background&quot;:&quot;slideshow&quot;,&quot;animation&quot;:&quot;fadeIn&quot;,&quot;animation_delay&quot;:&quot;200&quot;,&quot;background_slideshow_gallery&quot;:[{&quot;id&quot;:1864,&quot;url&quot;:&quot;http:\\\/\\\/iribrasil.org\\\/wp-content\\\/uploads\\\/2022\\\/09\\\/PHOTO-2022-09-10-15-21-45-2.jpg&quot;},{&quot;id&quot;:1865,&quot;url&quot;:&quot;http:\\\/\\\/iribrasil.org\\\/wp-content\\\/uploads\\\/2022\\\/09\\\/PHOTO-2022-09-10-15-21-45.jpg&quot;},{&quot;id&quot;:1874,&quot;url&quot;:&quot;http:\\\/\\\/iribrasil.org\\\/wp-content\\\/uploads\\\/2022\\\/09\\\/DSCF8189.jpg&quot;},{&quot;id&quot;:1867,&quot;url&quot;:&quot;http:\\\/\\\/iribrasil.org\\\/wp-content\\\/uploads\\\/2022\\\/09\\\/PHOTO-2022-09-10-15-21-47.jpg&quot;},{&quot;id&quot;:1876,&quot;url&quot;:&quot;http:\\\/\\\/iribrasil.org\\\/wp-content\\\/uploads\\\/2022\\\/09\\\/DSCF8165.jpg&quot;},{&quot;id&quot;:1872,&quot;url&quot;:&quot;http:\\\/\\\/iribrasil.org\\\/wp-content\\\/uploads\\\/2022\\\/09\\\/DSCF8257-scaled.jpg&quot;}],&quot;background_slideshow_slide_duration&quot;:2500,&quot;background_slideshow_loop&quot;:&quot;yes&quot;,&quot;background_slideshow_slide_transition&quot;:&quot;fade&quot;,&quot;background_slideshow_transition_duration&quot;:500}\">\n\t\t\t\t\t\t\t<div class=\"elementor-background-overlay\"><\/div>\n\t\t\t\t\t\t\t<div class=\"elementor-container elementor-column-gap-default\">\n\t\t\t\t\t<div class=\"elementor-column elementor-col-100 elementor-top-column elementor-element elementor-element-eb28c38\" data-id=\"eb28c38\" data-element_type=\"column\" data-settings=\"{&quot;background_background&quot;:&quot;classic&quot;}\">\n\t\t\t<div class=\"elementor-widget-wrap elementor-element-populated\">\n\t\t\t\t\t\t\t\t<div class=\"elementor-element elementor-element-c5a1aeb elementor-widget elementor-widget-text-editor\" data-id=\"c5a1aeb\" data-element_type=\"widget\" data-widget_type=\"text-editor.default\">\n\t\t\t\t<div class=\"elementor-widget-container\">\n\t\t\t\t\t\t\t\t\t\t\t\t\t<\/div>\n\t\t\t\t<\/div>\n\t\t\t\t<div class=\"elementor-element elementor-element-0feb897 elementor-widget elementor-widget-text-editor\" data-id=\"0feb897\" data-element_type=\"widget\" data-widget_type=\"text-editor.default\">\n\t\t\t\t<div class=\"elementor-widget-container\">\n\t\t\t\t\t\t\t\t\t\t\t\t\t<\/div>\n\t\t\t\t<\/div>\n\t\t\t\t\t<\/div>\n\t\t<\/div>\n\t\t\t\t\t\t\t<\/div>\n\t\t<\/section>\n\t\t\t\t<section class=\"elementor-section elementor-top-section elementor-element elementor-element-06d486a elementor-section-boxed elementor-section-height-default elementor-section-height-default\" data-id=\"06d486a\" data-element_type=\"section\">\n\t\t\t\t\t\t<div class=\"elementor-container elementor-column-gap-default\">\n\t\t\t\t\t<div class=\"elementor-column elementor-col-100 elementor-top-column elementor-element elementor-element-b58ef4e\" data-id=\"b58ef4e\" data-element_type=\"column\">\n\t\t\t<div class=\"elementor-widget-wrap elementor-element-populated\">\n\t\t\t\t\t\t\t\t<div class=\"elementor-element elementor-element-0072383 elementor-widget elementor-widget-text-editor\" data-id=\"0072383\" data-element_type=\"widget\" data-widget_type=\"text-editor.default\">\n\t\t\t\t<div class=\"elementor-widget-container\">\n\t\t\t\t\t\t\t<h1 style=\"font-weight: 400;\"><strong>AMAZ\u00d4NIA PARA SEMPRE<\/strong><\/h1><p style=\"font-weight: 400;\"><strong>Carta Aberta de comunidades religiosas brasileiras pela preserva\u00e7\u00e3o da Amaz\u00f4nia aos candidatos e candidatas \u00e0 Presid\u00eancia da Rep\u00fablica, governos estaduais, Senado e C\u00e2mara Federal<\/strong><\/p><p style=\"font-weight: 400;\"><span style=\"color: var( --e-global-color-6320d1d2 );\">Somos representantes de comunidades e organiza\u00e7\u00f5es religiosas e manifestamos nossa grande preocupa\u00e7\u00e3o com a grave destrui\u00e7\u00e3o do meio ambiente, especialmente da floresta amaz\u00f4nica. Para n\u00f3s, o amor ao divino, nas diversas express\u00f5es do sagrado, das diferentes matrizes, inclusive aquelas das cosmovis\u00f5es ind\u00edgenas, exige o cuidado com a vida na Terra e a natureza, que nos prov\u00eam alimento, trabalho e a base de toda a vida em comunidade com nossos irm\u00e3os e irm\u00e3s de f\u00e9.<\/span><\/p><p style=\"font-weight: 400;\">A Amaz\u00f4nia \u00e9 uma d\u00e1diva, \u00e9 um para\u00edso na Terra, uma das mais maravilhosas express\u00f5es do amor divino pela humanidade e por todos os demais seres da natureza. Nela habitamos, dela dependemos para viver, nela encontramos beleza, alimento, inspira\u00e7\u00e3o, sa\u00fade, alegria e esperan\u00e7a. Na harmonia de seus ecossistemas encontramos o exemplo para vivermos em comunidade, cooperando uns com os outros, atrav\u00e9s da compreens\u00e3o de que tudo nela \u00e9 solid\u00e1rio. No saber acumulado pelos povos que habitam as florestas, temos a oportunidade de aprendermos como viver em paz, entre n\u00f3s e como parte da natureza.<\/p><p style=\"font-weight: 400;\">Esse territ\u00f3rio aben\u00e7oado \u00e9 o lar de cerca de 180 povos ind\u00edgenas conhecidos e outros tantos isolados. A Floresta \u00e9 lar tamb\u00e9m de grandes popula\u00e7\u00f5es quilombolas e de in\u00fameras comunidades locais e de cerca de 20% das esp\u00e9cies vivas existentes no planeta. A Amaz\u00f4nia \u00e9 a maior floresta tropical do mundo \u00e9 a grande fonte de \u00e1gua doce para os oceanos e respons\u00e1vel pelo abastecimento h\u00eddrico de grande parte do territ\u00f3rio brasileiro e do continente sul-americano. Cumpre papel fundamental na regula\u00e7\u00e3o do clima do planeta, na ciclagem de carbono e de \u00e1gua e fornece in\u00fameros produtos essenciais para a sobreviv\u00eancia das popula\u00e7\u00f5es locais e para a economia brasileira. Guarda tamb\u00e9m um estoque gigantesco de carbono, cuja conserva\u00e7\u00e3o \u00e9 vital para evitar o colapso clim\u00e1tico da Terra.<\/p><p style=\"font-weight: 400;\">Portanto, nos dirigimos aos senhores e senhoras para solicitar que exponham, em suas ideias e pr\u00e1ticas pol\u00edticas, qual ser\u00e1 seu compromisso e cuidado com a preserva\u00e7\u00e3o desta Casa Comum chamada Amaz\u00f4nia. N\u00e3o podemos aceitar que a destrui\u00e7\u00e3o da floresta e de tudo o que ela representa para n\u00f3s, seja tratada com indiferen\u00e7a por parte das pessoas que pretendem governar esse vasto territ\u00f3rio de fundamental import\u00e2ncia para o planeta Terra e para toda a humanidade.<\/p><p>O panorama atual de devasta\u00e7\u00e3o faz com que nos aproximemos \u00a0\u00a0\u00a0\u00a0\u00a0cada dia mais do momento em que nossa maravilhosa floresta amaz\u00f4nica deixar\u00e1 de ser a mais rica, biodiversa e \u00famida, perder\u00e1 seu dossel espl\u00eandido, transformando-se em uma mata sav\u00e2nica, com poucas esp\u00e9cies de plantas, \u00e1rvores e animais. Temos pouco tempo para agir a fim de evitar que a floresta seque ainda mais, aumentando a frequ\u00eancia e o poder de devasta\u00e7\u00e3o dos inc\u00eandios.<\/p><p style=\"font-weight: 400;\">Estima-se que essa tr\u00e1gica situa\u00e7\u00e3o dever\u00e1 acontecer em alguns anos, como j\u00e1 apontam institui\u00e7\u00f5es e relat\u00f3rios cient\u00edficos renomados, caso o desmatamento do bioma atinja aproximadamente 25% de sua extens\u00e3o. J\u00e1 perdemos 21% da floresta original e outros 20% dela est\u00e3o muito degradados pela explora\u00e7\u00e3o ilegal de madeira, garimpo e pelo fogo, sobretudo para abertura de pastagens e grilagem. \u00a0<\/p><p style=\"font-weight: 400;\">Apenas entre 2019 e 2021, foram destru\u00eddos 34.215 quil\u00f4metros quadrados de florestas, uma \u00e1rea maior que muitos pa\u00edses, e perdemos 1,9 bilh\u00e3o de \u00e1rvores, o que equivale a aproximadamente 20 \u00e1rvores ceifadas por segundo. Isso sem contarmos os bilh\u00f5es de vidas perdidas ou extintas da fauna amaz\u00f4nica, como mam\u00edferos, insetos, r\u00e9pteis, aves e peixes, al\u00e9m dos micro-organismos do solo. Nesse mesmo per\u00edodo, cerca de 2 bilh\u00f5es de toneladas de CO2 foram liberadas na atmosfera, o dobro da quantidade de CO2 emitida por toda a ind\u00fastria da avia\u00e7\u00e3o mundial em 2019, agravando, assim, ainda mais a crise do sistema clim\u00e1tico global.<\/p><p style=\"font-weight: 400;\">Em 2021, as taxas de desmatamento aumentaram em todos os estados e atingiram 13.235 km2, um aumento de 75% em rela\u00e7\u00e3o a 2018. Em apenas 3 dias deste m\u00eas, j\u00e1 se registrou metade das queimadas ocorridas em todo o m\u00eas de setembro do ano passado.<\/p><p style=\"font-weight: 400;\">Ao contr\u00e1rio dos que dizem que o desmatamento \u00e9 necess\u00e1rio para desenvolver a regi\u00e3o, constata-se que a perda da floresta tem sido acompanhada por sofrimento, dor, mis\u00e9ria e desesperan\u00e7a para a maioria da popula\u00e7\u00e3o. A devasta\u00e7\u00e3o caminha de bra\u00e7os dados com o aumento da viol\u00eancia, da criminalidade e com as viola\u00e7\u00f5es dos direitos humanos, especialmente contra os povos ind\u00edgenas e as comunidades locais. Os 20 munic\u00edpios campe\u00f5es de desmatamento de 2019 a 2021 s\u00e3o tamb\u00e9m os campe\u00f5es de pobreza, desigualdade, viol\u00eancia e baixo \u00edndice de progresso social.<\/p><p style=\"font-weight: 400;\">As promessas de desenvolvimento em seus programas de governo e plataformas parlamentares dependem de recursos naturais da Amaz\u00f4nia, que foram intensamente explorados no passado e que continuam sendo no presente, mesmo em risco de esgotamento e extin\u00e7\u00e3o, para atender a demandas econ\u00f4micas nacionais e internacionais. O enfraquecimento das leis e da fiscaliza\u00e7\u00e3o ambientais e o cont\u00ednuo e impune aumento das atividades ilegais t\u00eam sido o fator de maior devasta\u00e7\u00e3o da floresta e agress\u00e3o contra seus animais e suas popula\u00e7\u00f5es.<\/p><p style=\"font-weight: 400;\">Ressalte-se a resist\u00eancia her\u00f3ica das comunidades locais. Apenas 13% da \u00e1rea total desmatada na bacia amaz\u00f4nica est\u00e1 no interior dos territ\u00f3rios ind\u00edgenas e \u00e1reas legalmente protegidas, mesmo com toda a press\u00e3o que enfrentam, com invas\u00f5es frequentes e todo tipo de agress\u00e3o.<\/p><p style=\"font-weight: 400;\">Em seu artigo 225, nossa Carta Magna estabelece que \u201ctodos t\u00eam direito ao meio ambiente ecologicamente equilibrado, bem de uso comum do povo e essencial \u00e0 sadia qualidade de vida, impondo-se ao Poder P\u00fablico e \u00e0 coletividade o dever de defend\u00ea-lo e preserv\u00e1-lo para as presentes e futuras gera\u00e7\u00f5es.\u201d Al\u00e9m disso, define, em seu par\u00e1grafo 4\u00ba, a Floresta Amaz\u00f4nica brasileira como patrim\u00f4nio nacional, obrigando o poder p\u00fablico a adotar medidas para sua preserva\u00e7\u00e3o. Tamb\u00e9m, no mesmo artigo, no par\u00e1grafo 1\u00ba, o inciso VII nos lembra o dever de \u201cproteger a fauna e a flora, vedadas, na forma da lei, as pr\u00e1ticas que coloquem em risco sua fun\u00e7\u00e3o ecol\u00f3gica, provoquem a extin\u00e7\u00e3o de esp\u00e9cies ou submetam os animais \u00e0 crueldade.\u201d<\/p><p style=\"font-weight: 400;\">Na Amaz\u00f4nia brasileira vivem cerca de 28 milh\u00f5es de pessoas, que dependem da preserva\u00e7\u00e3o da floresta para viverem com dignidade. Portanto, \u00e9 imperativo que o Estado Brasileiro reoriente o modelo de desenvolvimento da regi\u00e3o, abandonando o modelo ganancioso de explora\u00e7\u00e3o dos recursos naturais e de desrespeito \u00e0 terra, aos animais e aos povos que dela vivem, para construir de forma democr\u00e1tica, com a participa\u00e7\u00e3o de todos, um modelo sustent\u00e1vel de desenvolvimento e preserva\u00e7\u00e3o, garantindo que a floresta amaz\u00f4nica viva para sempre e sua diversidade de povos e culturas sejam igualmente preservadas.<\/p><p style=\"font-weight: 400;\">Consideramos fundamental lembrar que o Brasil sabe como deter a devasta\u00e7\u00e3o da Amaz\u00f4nia. Entre 2004 e 2012, o desmatamento foi reduzido drasticamente. Caiu 83%, sem aprofundar a pobreza nem paralisar a economia do pa\u00eds e da regi\u00e3o amaz\u00f4nica. Logrou-se esse extraordin\u00e1rio feito demarcando cerca de 50 milh\u00f5es de hectares de terras ind\u00edgenas e criando 24 milh\u00f5es de hectares de unidades de conserva\u00e7\u00e3o e diversos assentamentos para agricultura familiar. Somado a isso houve fortalecimento das institui\u00e7\u00f5es p\u00fablicas ambientais, ampliando a coopera\u00e7\u00e3o internacional, combatendo a criminalidade e estimulando o crescimento da economia e do emprego, mantendo-se a floresta em p\u00e9. Isso tudo s\u00f3 foi poss\u00edvel a partir da a\u00e7\u00e3o integrada dos governantes dos tr\u00eas Poderes da Rep\u00fablica, da transpar\u00eancia nos dados e informa\u00e7\u00f5es e do di\u00e1logo e participa\u00e7\u00e3o de cientistas, organiza\u00e7\u00f5es sociais, povos ind\u00edgenas, comunidades locais e empres\u00e1rios.<\/p><p style=\"font-weight: 400;\">Portanto, baseadas nessa experi\u00eancia de sucesso, n\u00f3s, lideran\u00e7as religiosas das v\u00e1rias tradi\u00e7\u00f5es existentes no Brasil, dirigimos esse apelo aos senhores e senhoras candidatos \u00e0 Presid\u00eancia da Rep\u00fablica, aos governos dos estados da Amaz\u00f4nia Legal e aos candidatos aos parlamentos estaduais e federal. Pedimos que se comprometam com a retomada e atualiza\u00e7\u00e3o do Plano de A\u00e7\u00e3o Para Preven\u00e7\u00e3o e Controle do Desmatamento na Amaz\u00f4nia e que seja criada uma Estrat\u00e9gia Nacional para o Desenvolvimento Sustent\u00e1vel da Amaz\u00f4nia, tendo a bioeconomia da floresta, a educa\u00e7\u00e3o, o desenvolvimento cient\u00edfico, a valoriza\u00e7\u00e3o dos saberes e culturas tradicionais e o est\u00edmulo ao empreendedorismo como seus eixos principais, como proposto pelo Painel Cient\u00edfico da Amaz\u00f4nia e por outras iniciativas existentes.\u00a0<\/p><p style=\"font-weight: 400;\">Esperamos o compromisso dos senhores e das senhoras \u00e0 nossa Carta Aberta, e solicitamos\u00a0que em seus pronunciamentos p\u00fablicos, propagandas eleitorais, planos de governos e, sobretudo, nas prioridades estabelecidas em seus mandatos p\u00fablicos, a defesa da terra que nos foi dada, seja de fato cumprida. Pois o preceito religioso que todos compartilhamos nos destina \u00e0 solidariedade e ao cuidado da natureza e das pessoas. Que Deus nos aben\u00e7oe\u00a0com a esperan\u00e7a de um futuro melhor para todos os seres humanos e n\u00e3o humanos: para toda a natureza.<\/p><p style=\"font-weight: 400;\">S\u00e3o Paulo &#8211; SP, 10 de setembro de 2022.<\/p><p style=\"font-weight: 400;\">\u00a0<\/p>\t\t\t\t\t\t<\/div>\n\t\t\t\t<\/div>\n\t\t\t\t\t<\/div>\n\t\t<\/div>\n\t\t\t\t\t\t\t<\/div>\n\t\t<\/section>\n\t\t\t\t<section class=\"elementor-section elementor-top-section elementor-element elementor-element-c213d50 elementor-section-boxed elementor-section-height-default elementor-section-height-default\" data-id=\"c213d50\" data-element_type=\"section\">\n\t\t\t\t\t\t<div class=\"elementor-container elementor-column-gap-default\">\n\t\t\t\t\t<div class=\"elementor-column elementor-col-100 elementor-top-column elementor-element elementor-element-3e93e6c\" data-id=\"3e93e6c\" data-element_type=\"column\">\n\t\t\t<div class=\"elementor-widget-wrap elementor-element-populated\">\n\t\t\t\t\t\t\t\t<div class=\"elementor-element elementor-element-db5f55b elementor-widget elementor-widget-heading\" data-id=\"db5f55b\" data-element_type=\"widget\" data-widget_type=\"heading.default\">\n\t\t\t\t<div class=\"elementor-widget-container\">\n\t\t\t<h2 class=\"elementor-heading-title elementor-size-default\">Assine a carta aberta<\/h2>\t\t<\/div>\n\t\t\t\t<\/div>\n\t\t\t\t<div class=\"elementor-element elementor-element-d866303 elementor-button-align-stretch elementor-widget elementor-widget-form\" data-id=\"d866303\" data-element_type=\"widget\" data-settings=\"{&quot;step_next_label&quot;:&quot;Next&quot;,&quot;step_previous_label&quot;:&quot;Previous&quot;,&quot;button_width&quot;:&quot;100&quot;,&quot;step_type&quot;:&quot;number_text&quot;,&quot;step_icon_shape&quot;:&quot;circle&quot;}\" data-widget_type=\"form.default\">\n\t\t\t\t<div class=\"elementor-widget-container\">\n\t\t\t\t\t<form class=\"elementor-form\" method=\"post\" name=\"New Form\" action=\"\">\n\t\t\t<input type=\"hidden\" name=\"post_id\" value=\"1856\"\/>\n\t\t\t<input type=\"hidden\" name=\"form_id\" value=\"d866303\"\/>\n\t\t\t<input type=\"hidden\" name=\"referer_title\" value=\"\" \/>\n\n\t\t\t\n\t\t\t<div class=\"elementor-form-fields-wrapper elementor-labels-above\">\n\t\t\t\t\t\t\t\t<div class=\"elementor-field-type-text elementor-field-group elementor-column elementor-field-group-name elementor-col-100\">\n\t\t\t\t\t\t\t\t\t\t\t\t<label for=\"form-field-name\" class=\"elementor-field-label\">\n\t\t\t\t\t\t\t\tNome completo\t\t\t\t\t\t\t<\/label>\n\t\t\t\t\t\t\t\t\t\t\t\t\t\t<input size=\"1\" type=\"text\" name=\"form_fields[name]\" id=\"form-field-name\" class=\"elementor-field elementor-size-sm  elementor-field-textual\" placeholder=\"Nome Completo\">\n\t\t\t\t\t\t\t\t\t\t\t<\/div>\n\t\t\t\t\t\t\t\t<div class=\"elementor-field-type-email elementor-field-group elementor-column elementor-field-group-email elementor-col-100 elementor-field-required\">\n\t\t\t\t\t\t\t\t\t\t\t\t<label for=\"form-field-email\" class=\"elementor-field-label\">\n\t\t\t\t\t\t\t\tEmail\t\t\t\t\t\t\t<\/label>\n\t\t\t\t\t\t\t\t\t\t\t\t\t\t<input size=\"1\" type=\"email\" name=\"form_fields[email]\" id=\"form-field-email\" class=\"elementor-field elementor-size-sm  elementor-field-textual\" placeholder=\"Email\" required=\"required\" aria-required=\"true\">\n\t\t\t\t\t\t\t\t\t\t\t<\/div>\n\t\t\t\t\t\t\t\t<div class=\"elementor-field-type-text elementor-field-group elementor-column elementor-field-group-field_c905a41 elementor-col-100\">\n\t\t\t\t\t\t\t\t\t\t\t\t<label for=\"form-field-field_c905a41\" class=\"elementor-field-label\">\n\t\t\t\t\t\t\t\tRG\t\t\t\t\t\t\t<\/label>\n\t\t\t\t\t\t\t\t\t\t\t\t\t\t<input size=\"1\" type=\"text\" name=\"form_fields[field_c905a41]\" id=\"form-field-field_c905a41\" class=\"elementor-field elementor-size-sm  elementor-field-textual\" placeholder=\"RG\">\n\t\t\t\t\t\t\t\t\t\t\t<\/div>\n\t\t\t\t\t\t\t\t<div class=\"elementor-field-type-text elementor-field-group elementor-column elementor-field-group-field_60a9aa5 elementor-col-100\">\n\t\t\t\t\t\t\t\t\t\t\t\t<label for=\"form-field-field_60a9aa5\" class=\"elementor-field-label\">\n\t\t\t\t\t\t\t\tCidade\t\t\t\t\t\t\t<\/label>\n\t\t\t\t\t\t\t\t\t\t\t\t\t\t<input size=\"1\" type=\"text\" name=\"form_fields[field_60a9aa5]\" id=\"form-field-field_60a9aa5\" class=\"elementor-field elementor-size-sm  elementor-field-textual\" placeholder=\"Cidade\">\n\t\t\t\t\t\t\t\t\t\t\t<\/div>\n\t\t\t\t\t\t\t\t<div class=\"elementor-field-type-text elementor-field-group elementor-column elementor-field-group-field_10cc7e5 elementor-col-100\">\n\t\t\t\t\t\t\t\t\t\t\t\t<label for=\"form-field-field_10cc7e5\" class=\"elementor-field-label\">\n\t\t\t\t\t\t\t\tEstado\t\t\t\t\t\t\t<\/label>\n\t\t\t\t\t\t\t\t\t\t\t\t\t\t<input size=\"1\" type=\"text\" name=\"form_fields[field_10cc7e5]\" id=\"form-field-field_10cc7e5\" class=\"elementor-field elementor-size-sm  elementor-field-textual\" placeholder=\"Estado\">\n\t\t\t\t\t\t\t\t\t\t\t<\/div>\n\t\t\t\t\t\t\t\t<div class=\"elementor-field-group elementor-column elementor-field-type-submit elementor-col-100 e-form__buttons\">\n\t\t\t\t\t<button type=\"submit\" class=\"elementor-button elementor-size-sm\">\n\t\t\t\t\t\t<span >\n\t\t\t\t\t\t\t\t\t\t\t\t\t\t\t<span class=\"elementor-button-icon\">\n\t\t\t\t\t\t\t\t\t\t\t\t\t\t\t\t\t\t\t\t\t\t\t\t\t\t<\/span>\n\t\t\t\t\t\t\t\t\t\t\t\t\t\t\t\t\t\t\t\t\t\t<span class=\"elementor-button-text\">Assinar<\/span>\n\t\t\t\t\t\t\t\t\t\t\t\t\t<\/span>\n\t\t\t\t\t<\/button>\n\t\t\t\t<\/div>\n\t\t\t<\/div>\n\t\t<input type=\"hidden\" name=\"trp-form-language\" value=\"en\"\/><\/form>\n\t\t\t\t<\/div>\n\t\t\t\t<\/div>\n\t\t\t\t\t<\/div>\n\t\t<\/div>\n\t\t\t\t\t\t\t<\/div>\n\t\t<\/section>\n\t\t\t\t<section class=\"elementor-section elementor-top-section elementor-element elementor-element-a389e26 elementor-section-boxed elementor-section-height-default elementor-section-height-default\" data-id=\"a389e26\" data-element_type=\"section\">\n\t\t\t\t\t\t<div class=\"elementor-container elementor-column-gap-default\">\n\t\t\t\t\t<div class=\"elementor-column elementor-col-100 elementor-top-column elementor-element elementor-element-f3d3893\" data-id=\"f3d3893\" data-element_type=\"column\">\n\t\t\t<div class=\"elementor-widget-wrap elementor-element-populated\">\n\t\t\t\t\t\t\t\t<div class=\"elementor-element elementor-element-4352114 elementor-widget elementor-widget-spacer\" data-id=\"4352114\" data-element_type=\"widget\" data-widget_type=\"spacer.default\">\n\t\t\t\t<div class=\"elementor-widget-container\">\n\t\t\t\t\t<div class=\"elementor-spacer\">\n\t\t\t<div class=\"elementor-spacer-inner\"><\/div>\n\t\t<\/div>\n\t\t\t\t<\/div>\n\t\t\t\t<\/div>\n\t\t\t\t\t<\/div>\n\t\t<\/div>\n\t\t\t\t\t\t\t<\/div>\n\t\t<\/section>\n\t\t\t\t<section class=\"elementor-section elementor-top-section elementor-element elementor-element-5e4f3fd elementor-section-boxed elementor-section-height-default elementor-section-height-default\" data-id=\"5e4f3fd\" data-element_type=\"section\">\n\t\t\t\t\t\t<div class=\"elementor-container elementor-column-gap-default\">\n\t\t\t\t\t<div class=\"elementor-column elementor-col-100 elementor-top-column elementor-element elementor-element-9d15794\" data-id=\"9d15794\" data-element_type=\"column\">\n\t\t\t<div class=\"elementor-widget-wrap elementor-element-populated\">\n\t\t\t\t\t\t\t\t<div class=\"elementor-element elementor-element-e4ba974 elementor-shape-circle elementor-grid-0 e-grid-align-center elementor-widget elementor-widget-social-icons\" data-id=\"e4ba974\" data-element_type=\"widget\" data-widget_type=\"social-icons.default\">\n\t\t\t\t<div class=\"elementor-widget-container\">\n\t\t\t\t\t<div class=\"elementor-social-icons-wrapper elementor-grid\">\n\t\t\t\t\t\t\t<span class=\"elementor-grid-item\">\n\t\t\t\t\t<a class=\"elementor-icon elementor-social-icon elementor-social-icon-facebook elementor-repeater-item-16b5a65\" href=\"https:\/\/www.facebook.com\/brasiliri\" target=\"_blank\">\n\t\t\t\t\t\t<span class=\"elementor-screen-only\">Facebook<\/span>\n\t\t\t\t\t\t<i class=\"fab fa-facebook\"><\/i>\t\t\t\t\t<\/a>\n\t\t\t\t<\/span>\n\t\t\t\t\t\t\t<span class=\"elementor-grid-item\">\n\t\t\t\t\t<a class=\"elementor-icon elementor-social-icon elementor-social-icon-instagram elementor-repeater-item-80a03c3\" href=\"https:\/\/www.instagram.com\/iribrasil\/\" target=\"_blank\">\n\t\t\t\t\t\t<span class=\"elementor-screen-only\">Instagram<\/span>\n\t\t\t\t\t\t<i class=\"fab fa-instagram\"><\/i>\t\t\t\t\t<\/a>\n\t\t\t\t<\/span>\n\t\t\t\t\t<\/div>\n\t\t\t\t<\/div>\n\t\t\t\t<\/div>\n\t\t\t\t\t<\/div>\n\t\t<\/div>\n\t\t\t\t\t\t\t<\/div>\n\t\t<\/section>\n\t\t\t\t\t\t\t<\/div>","protected":false},"excerpt":{"rendered":"<p>AMAZ\u00d4NIA PARA SEMPRE Carta Aberta de comunidades religiosas brasileiras pela preserva\u00e7\u00e3o da Amaz\u00f4nia aos candidatos e candidatas \u00e0 Presid\u00eancia da Rep\u00fablica, governos estaduais, Senado e C\u00e2mara Federal Somos representantes de comunidades e organiza\u00e7\u00f5es religiosas e manifestamos nossa grande preocupa\u00e7\u00e3o com a grave destrui\u00e7\u00e3o do meio ambiente, especialmente da floresta amaz\u00f4nica. Para n\u00f3s, o amor ao [&hellip;]<\/p>","protected":false},"author":5,"featured_media":0,"parent":0,"menu_order":0,"comment_status":"closed","ping_status":"closed","template":"","meta":{"_mi_skip_tracking":false,"_monsterinsights_sitenote_active":false,"_monsterinsights_sitenote_note":"","_monsterinsights_sitenote_category":0,"footnotes":""},"class_list":["post-1856","page","type-page","status-publish","hentry"],"_links":{"self":[{"href":"https:\/\/iribrasil.org\/en\/wp-json\/wp\/v2\/pages\/1856","targetHints":{"allow":["GET"]}}],"collection":[{"href":"https:\/\/iribrasil.org\/en\/wp-json\/wp\/v2\/pages"}],"about":[{"href":"https:\/\/iribrasil.org\/en\/wp-json\/wp\/v2\/types\/page"}],"author":[{"embeddable":true,"href":"https:\/\/iribrasil.org\/en\/wp-json\/wp\/v2\/users\/5"}],"replies":[{"embeddable":true,"href":"https:\/\/iribrasil.org\/en\/wp-json\/wp\/v2\/comments?post=1856"}],"version-history":[{"count":0,"href":"https:\/\/iribrasil.org\/en\/wp-json\/wp\/v2\/pages\/1856\/revisions"}],"wp:attachment":[{"href":"https:\/\/iribrasil.org\/en\/wp-json\/wp\/v2\/media?parent=1856"}],"curies":[{"name":"wp","href":"https:\/\/api.w.org\/{rel}","templated":true}]}}